{"id":2990,"date":"2018-04-16T20:45:24","date_gmt":"2018-04-16T23:45:24","guid":{"rendered":"https:\/\/nedefa.ctch.puc-rio.br\/staging\/about-us\/team\/"},"modified":"2022-05-20T10:22:57","modified_gmt":"2022-05-20T13:22:57","slug":"team","status":"publish","type":"page","link":"https:\/\/nedefa.ctch.puc-rio.br\/en\/about-us\/team\/","title":{"rendered":"Team"},"content":{"rendered":"<section class=\"wpb-content-wrapper\"><p>[vc_row full_width=&#8221;stretch_row&#8221; css_animation=&#8221;none&#8221; el_class=&#8221;section-id&#8221;][vc_column][vc_empty_space height=&#8221;200px&#8221; el_class=&#8221;space-header&#8221;][lab_text_autotype typed_text=&#8221;<\/p>\n<h1>*Team*<\/h1>\n<p>&#8221; typed_show_options=&#8221;yes&#8221; typed_options_cursorchar=&#8221;&#8221; typed_options_typespeed=&#8221;20&#8243; typed_options_startdelay=&#8221;1200&#8243; el_class=&#8221;auto-type&#8221;][\/vc_column][\/vc_row][vc_row][vc_column][vc_empty_space height=&#8221;70px&#8221;][\/vc_column][\/vc_row][vc_row css_animation=&#8221;slideInUp&#8221;][vc_column][vc_row_inner][vc_column_inner width=&#8221;1\/4&#8243;][vc_single_image image=&#8221;2570&#8243; img_size=&#8221;large&#8221; style=&#8221;vc_box_circle_2&#8243; css=&#8221;.vc_custom_1646080536926{margin-bottom: 20px !important;}&#8221; el_class=&#8221;equipe-img&#8221;][\/vc_column_inner][vc_column_inner width=&#8221;3\/4&#8243;][vc_column_text el_class=&#8221;equipe&#8221; css=&#8221;.vc_custom_1645624403304{margin-bottom: 20px !important;}&#8221;]<\/p>\n<h3>Kai Michael Kenkel<\/h3>\n<p>General coordinator[\/vc_column_text][vc_column_text el_class=&#8221;equipe&#8221; css=&#8221;.vc_custom_1646080885195{margin-top: 0px !important;}&#8221;]Associate Professor at the Institute of International Relations at PUC-Rio. He holds a PhD and a master&#8217;s degree from the Institut Universitaire de Hautes \u00c9tudes Internationales (IUHEI, now IHEID\/Graduate Institute) in Geneva. His work on international security, particularly peace operations, intervention norms, and civil-military relations, has been published in journals such as International Peacekeeping, Global Governance, International Affairs, and Global Responsibility to Protect.<\/p>\n<p><a href=\"http:\/\/lattes.cnpq.br\/4911785654944799\" target=\"_blank\" rel=\"noopener\">CV Lattes<\/a>[\/vc_column_text][\/vc_column_inner][\/vc_row_inner][vc_empty_space height=&#8221;35px&#8221;][\/vc_column][\/vc_row][vc_row css_animation=&#8221;slideInUp&#8221;][vc_column][vc_separator border_width=&#8221;2&#8243;][vc_empty_space height=&#8221;35px&#8221;][vc_row_inner][vc_column_inner width=&#8221;1\/4&#8243;][vc_single_image image=&#8221;2436&#8243; img_size=&#8221;large&#8221; style=&#8221;vc_box_circle_2&#8243; css=&#8221;.vc_custom_1645387597256{margin-bottom: 20px !important;}&#8221; el_class=&#8221;equipe-img&#8221;][\/vc_column_inner][vc_column_inner width=&#8221;3\/4&#8243;][vc_column_text el_class=&#8221;equipe&#8221; css=&#8221;.vc_custom_1646079337067{margin-bottom: 20px !important;}&#8221;]<\/p>\n<h3>Maira Siman Gomes<\/h3>\n<p>Academic coordinator[\/vc_column_text][vc_column_text el_class=&#8221;equipe&#8221; css=&#8221;.vc_custom_1646342258118{margin-top: 0px !important;}&#8221;]Assistant Professor at the Institute of International Relations at PUC-Rio, and PhD in International Relations at the same institute. Masters in International Studies (with emphasis in Political Science) from the Graduate Institute Geneva, Switzerland. She is a &#8220;Jovem Cientista do Nosso Estado&#8221; grantee from FAPERJ, a Productivity Scholar from CNPq, and a researcher at the Global South Unit for Mediation (GSUM, IRI\/PUC-Rio). Her areas of research are: Peace and Conflict Studies; Critical Security Studies, Peacekeeping Operations and Foreign Policy Analysis.<\/p>\n<p><a href=\"http:\/\/lattes.cnpq.br\/6919553833211231\" target=\"_blank\" rel=\"noopener\">CV Lattes<\/a>[\/vc_column_text][\/vc_column_inner][\/vc_row_inner][vc_empty_space height=&#8221;35px&#8221;][\/vc_column][\/vc_row][vc_row css_animation=&#8221;slideInUp&#8221;][vc_column][vc_separator border_width=&#8221;2&#8243;][vc_empty_space height=&#8221;35px&#8221;][vc_row_inner][vc_column_inner width=&#8221;1\/4&#8243;][vc_single_image image=&#8221;2568&#8243; img_size=&#8221;large&#8221; style=&#8221;vc_box_circle_2&#8243; css=&#8221;.vc_custom_1646078775781{margin-bottom: 20px !important;}&#8221; el_class=&#8221;equipe-img&#8221;][\/vc_column_inner][vc_column_inner width=&#8221;3\/4&#8243;][vc_column_text el_class=&#8221;equipe&#8221; css=&#8221;.vc_custom_1646079016682{margin-bottom: 20px !important;}&#8221;]<\/p>\n<h3>Maria Celina D&#8217;Araujo<\/h3>\n<p>Institutional Relations Coordinator[\/vc_column_text][vc_column_text el_class=&#8221;equipe&#8221; css=&#8221;.vc_custom_1646079227477{margin-top: 0px !important;}&#8221;]Professor at the Department of Social Sciences at PUC-Rio. Doctor and Master in Political Science, IUPERJ (1989 and 1981). She was a professor at Cpdoc\/Funda\u00e7\u00e3o Get\u00falio Vargas, professor at UFF and visiting professor at some universities in Brazil and abroad. She has worked in the areas of unions and political parties, the Vargas Era, Military Justice, elites and careers in the Executive Power, military and defense. She has been a member of the Advisory Committee of CNPq and Coordinator of the Sociology area at Faperj. CNPq Researcher 1B.<\/p>\n<p><a href=\"http:\/\/lattes.cnpq.br\/3386402716993689\" target=\"_blank\" rel=\"noopener\">CV Lattes<\/a>[\/vc_column_text][\/vc_column_inner][\/vc_row_inner][vc_empty_space height=&#8221;35px&#8221;][\/vc_column][\/vc_row][vc_row css_animation=&#8221;slideInUp&#8221;][vc_column][vc_separator border_width=&#8221;2&#8243;][vc_empty_space height=&#8221;35px&#8221;][vc_row_inner][vc_column_inner width=&#8221;1\/4&#8243;][vc_single_image image=&#8221;3149&#8243; img_size=&#8221;large&#8221; style=&#8221;vc_box_circle_2&#8243; css=&#8221;.vc_custom_1653052247704{margin-bottom: 20px !important;}&#8221; el_class=&#8221;equipe-img&#8221;][\/vc_column_inner][vc_column_inner width=&#8221;3\/4&#8243;][vc_column_text el_class=&#8221;equipe&#8221; css=&#8221;.vc_custom_1648831848573{margin-bottom: 20px !important;}&#8221;]<\/p>\n<h3>Andrea Schettini<\/h3>\n<p>Researcher[\/vc_column_text][vc_column_text el_class=&#8221;equipe&#8221; css=&#8221;.vc_custom_1648831876556{margin-top: 0px !important;}&#8221;]Doctor in Law from PUC-Rio in co-tutelle with the University Paris Nanterre. Professor at the Law Department of PUC-Rio and researcher at the Human Rights Center (NDH) of the same institution, where she coordinates the Study and Research Group on the Inter-American Human Rights System (GEP-SIDH). She was a researcher for UNDP in partnership with the Brazilian National Truth Commission and a researcher at the Truth Commission of Rio de Janeiro. Her research topics are human rights, transitional justice, state violence, truth commissions, and international human rights courts.<\/p>\n<p><a href=\"http:\/\/lattes.cnpq.br\/8351449262073648\" target=\"_blank\" rel=\"noopener\">CV Lattes<\/a>[\/vc_column_text][\/vc_column_inner][\/vc_row_inner][vc_empty_space height=&#8221;35px&#8221;][\/vc_column][\/vc_row][vc_row css_animation=&#8221;slideInUp&#8221;][vc_column][vc_separator border_width=&#8221;2&#8243;][vc_empty_space height=&#8221;35px&#8221;][vc_row_inner][vc_column_inner width=&#8221;1\/4&#8243;][vc_single_image image=&#8221;3035&#8243; img_size=&#8221;large&#8221; style=&#8221;vc_box_circle_2&#8243; css=&#8221;.vc_custom_1648831806186{margin-bottom: 20px !important;}&#8221; el_class=&#8221;equipe-img&#8221;][\/vc_column_inner][vc_column_inner width=&#8221;3\/4&#8243;][vc_column_text el_class=&#8221;equipe&#8221; css=&#8221;.vc_custom_1648831516262{margin-bottom: 20px !important;}&#8221;]<\/p>\n<h3>Carolina de Campos Melo<\/h3>\n<p>Researcher[\/vc_column_text][vc_column_text el_class=&#8221;equipe&#8221; css=&#8221;.vc_custom_1648831653263{margin-top: 0px !important;}&#8221;]She holds a bachelor&#8217;s and a master&#8217;s degree in Law from the Pontifical Catholic University of Rio de Janeiro and a doctoral degree in (International) Law from the State University of Rio de Janeiro &#8211; UERJ (2012). She is a professor in the Graduate and Undergraduate Law Programs at PUC-Rio and a researcher at the Human Rights Center (NDH). She has been a Union Attorney (Advocacia-Geral da Uni\u00e3o) since 2003. She was an Advisor to the Amnesty Commission of the Ministry of Justice (2012-2016) and an advisor\/member of the Reporting Committee of the Final Report of the National Truth Commission (2014).<\/p>\n<p><a href=\"http:\/\/lattes.cnpq.br\/5294672374114663\" target=\"_blank\" rel=\"noopener\">CV Lattes<\/a>[\/vc_column_text][\/vc_column_inner][\/vc_row_inner][vc_empty_space height=&#8221;35px&#8221;][\/vc_column][\/vc_row][vc_row css_animation=&#8221;slideInUp&#8221;][vc_column][vc_separator border_width=&#8221;2&#8243;][vc_empty_space height=&#8221;35px&#8221;][vc_row_inner][vc_column_inner width=&#8221;1\/4&#8243;][vc_single_image image=&#8221;2563&#8243; img_size=&#8221;large&#8221; style=&#8221;vc_box_circle_2&#8243; css=&#8221;.vc_custom_1646048849805{margin-bottom: 20px !important;}&#8221; el_class=&#8221;equipe-img&#8221;][\/vc_column_inner][vc_column_inner width=&#8221;3\/4&#8243;][vc_column_text el_class=&#8221;equipe&#8221; css=&#8221;.vc_custom_1646048690254{margin-bottom: 20px !important;}&#8221;]<\/p>\n<h3>Gisele Cittadino<\/h3>\n<p>Researcher[\/vc_column_text][vc_column_text el_class=&#8221;equipe&#8221; css=&#8221;.vc_custom_1646342424547{margin-top: 0px !important;}&#8221;]Professor at the Law Department, PUC-Rio. Masters in Law at UFSC and Doctor in Political Science at IUPERJ. IC Research Productivity Scholarship from CNPq. Author of &#8220;Pluralismo, Direito e Justi\u00e7a Distributiva: Elementos da Filosofia Constitucional Contempor\u00e2nea&#8221; (2020).<\/p>\n<p><a href=\"http:\/\/lattes.cnpq.br\/9045006667266588\" target=\"_blank\" rel=\"noopener\">CV Lattes<\/a>[\/vc_column_text][\/vc_column_inner][\/vc_row_inner][vc_empty_space height=&#8221;35px&#8221;][\/vc_column][\/vc_row][vc_row css_animation=&#8221;slideInUp&#8221;][vc_column][vc_separator border_width=&#8221;2&#8243;][vc_empty_space height=&#8221;35px&#8221;][vc_row_inner][vc_column_inner width=&#8221;1\/4&#8243;][vc_single_image image=&#8221;2598&#8243; img_size=&#8221;large&#8221; style=&#8221;vc_box_circle_2&#8243; css=&#8221;.vc_custom_1646321047780{margin-bottom: 20px !important;}&#8221; el_class=&#8221;equipe-img&#8221;][\/vc_column_inner][vc_column_inner width=&#8221;3\/4&#8243;][vc_column_text el_class=&#8221;equipe&#8221; css=&#8221;.vc_custom_1646320904747{margin-bottom: 20px !important;}&#8221;]<\/p>\n<h3>Larissa Rosa Corr\u00eaa<\/h3>\n<p>Researcher[\/vc_column_text][vc_column_text el_class=&#8221;equipe&#8221; css=&#8221;.vc_custom_1648217505756{margin-top: 0px !important;}&#8221;]Adjunct professor at the Department of History at PUC-Rio, CNPq productivity scholarship, level 2. She holds a degree in History from Unesp (2000), a master&#8217;s degree in 2007, with a Fapesp grant, and a doctoral degree (2013), with a Capes grant, in Social History at Unicamp. Among the published books, see: &#8220;Anticommunist Solidarity: US-Brazilian Labor Relations During the Dictatorship in Cold War Brazil&#8221;, Berlin: De Gruyter, 2021; &#8220;Disseram que voltei americanizado: rela\u00e7\u00f5es Brasil-Estados Unidos na ditadura militar&#8221;, Campinas: Editora da Unicamp, 2017.<\/p>\n<p><a href=\"http:\/\/lattes.cnpq.br\/8242698091108462\" target=\"_blank\" rel=\"noopener\">CV Lattes<\/a>[\/vc_column_text][\/vc_column_inner][\/vc_row_inner][vc_empty_space height=&#8221;35px&#8221;][\/vc_column][\/vc_row][vc_row css_animation=&#8221;slideInUp&#8221;][vc_column][vc_separator border_width=&#8221;2&#8243;][vc_empty_space height=&#8221;35px&#8221;][vc_row_inner][vc_column_inner width=&#8221;1\/4&#8243;][vc_single_image image=&#8221;2606&#8243; img_size=&#8221;large&#8221; style=&#8221;vc_box_circle_2&#8243; css=&#8221;.vc_custom_1646352011390{margin-bottom: 20px !important;}&#8221; el_class=&#8221;equipe-img&#8221;][\/vc_column_inner][vc_column_inner width=&#8221;3\/4&#8243;][vc_column_text el_class=&#8221;equipe&#8221; css=&#8221;.vc_custom_1646351660816{margin-bottom: 20px !important;}&#8221;]<\/p>\n<h3>Manuela Trindade Viana<\/h3>\n<p>Researcher[\/vc_column_text][vc_column_text el_class=&#8221;equipe&#8221; css=&#8221;.vc_custom_1648217542483{margin-top: 0px !important;}&#8221;]Professor at IRI\/PUC-Rio, where she also holds the position of Coordinator of the Undergraduate Course. PhD in International Relations (IRI\/PUC-Rio) and Masters in Political Science (DCP\/USP). In her research, she explores the mechanisms through which violence is organized in the world, especially in Latin America, attending to the historical transformations of the penal apparatus invested in the entire spectrum of social behaviors understood as deviant, from common delinquency to terrorism.<\/p>\n<p><a href=\"http:\/\/lattes.cnpq.br\/9798994931614522\" target=\"_blank\" rel=\"noopener\">CV Lattes<\/a>[\/vc_column_text][\/vc_column_inner][\/vc_row_inner][vc_empty_space height=&#8221;35px&#8221;][\/vc_column][\/vc_row][vc_row css_animation=&#8221;slideInUp&#8221;][vc_column][vc_separator border_width=&#8221;2&#8243;][vc_empty_space height=&#8221;35px&#8221;][vc_row_inner][vc_column_inner width=&#8221;1\/4&#8243;][vc_single_image image=&#8221;3037&#8243; img_size=&#8221;large&#8221; style=&#8221;vc_box_circle_2&#8243; css=&#8221;.vc_custom_1648832438691{margin-bottom: 20px !important;}&#8221; el_class=&#8221;equipe-img&#8221;][\/vc_column_inner][vc_column_inner width=&#8221;3\/4&#8243;][vc_column_text el_class=&#8221;equipe&#8221; css=&#8221;.vc_custom_1648832199678{margin-bottom: 20px !important;}&#8221;]<\/p>\n<h3>Maur\u00edcio Parada<\/h3>\n<p>Researcher[\/vc_column_text][vc_column_text el_class=&#8221;equipe&#8221; css=&#8221;.vc_custom_1648832331612{margin-top: 0px !important;}&#8221;]Bachelor in History from UFF (1988), Masters degree in Social History of Culture from PUC-Rio (1994), doctor in Social History from UFRJ (2003), and a post-doctoral internship at IHEAL ( Institut des hautes \u00e9tudes de l&#8217;Am\u00e9rique latine) at Sorbonne Nouvelle &#8211; Paris 3 (2019). He is currently a professor at the History department at PUC-Rio. He has experience in the field of History, with emphasis on social history of culture and intellectual history, working mainly on the following themes: exiles, culture, intellectuals, and national identity.<\/p>\n<p><a href=\"http:\/\/lattes.cnpq.br\/3496123001709391\" target=\"_blank\" rel=\"noopener\">CV Lattes<\/a>[\/vc_column_text][\/vc_column_inner][\/vc_row_inner][vc_empty_space height=&#8221;35px&#8221;][\/vc_column][\/vc_row][vc_row css_animation=&#8221;slideInUp&#8221;][vc_column][vc_separator border_width=&#8221;2&#8243;][vc_empty_space height=&#8221;35px&#8221;][vc_row_inner][vc_column_inner width=&#8221;1\/4&#8243;][vc_single_image image=&#8221;3153&#8243; img_size=&#8221;large&#8221; style=&#8221;vc_box_circle_2&#8243; css=&#8221;.vc_custom_1653052545623{margin-bottom: 20px !important;}&#8221; el_class=&#8221;equipe-img&#8221;][\/vc_column_inner][vc_column_inner width=&#8221;3\/4&#8243;][vc_column_text el_class=&#8221;equipe&#8221; css=&#8221;.vc_custom_1653052567749{margin-bottom: 20px !important;}&#8221;]<\/p>\n<h3>Monica Herz<\/h3>\n<p>Researcher[\/vc_column_text][vc_column_text el_class=&#8221;equipe&#8221; css=&#8221;.vc_custom_1653052644299{margin-top: 0px !important;}&#8221;]Monica holds a PhD in International Relations from the London School of Economics and Political Science (1994). She is currently a professor at the Institute of International Relations at PUC-Rio. She coordinates the Digital Humanities Laboratory at PUC-Rio. Monica has extensive experience in the field of International Relations, with an emphasis on International Security, working mainly on the following topics: International Politics, International Organizations, International Security, International Relations of Latin America and Brazilian Foreign Policy. She has been a Scientist of Our State at Faperj since 2012 and has a CNPq productivity scholarship.<\/p>\n<p><a href=\"http:\/\/lattes.cnpq.br\/8745974666472766\" target=\"_blank\" rel=\"noopener\">CV Lattes<\/a>[\/vc_column_text][\/vc_column_inner][\/vc_row_inner][vc_empty_space height=&#8221;35px&#8221;][\/vc_column][\/vc_row][vc_row css_animation=&#8221;slideInUp&#8221;][vc_column][vc_separator border_width=&#8221;2&#8243;][vc_empty_space height=&#8221;35px&#8221;][vc_row_inner][vc_column_inner width=&#8221;1\/4&#8243;][vc_single_image image=&#8221;3151&#8243; img_size=&#8221;large&#8221; style=&#8221;vc_box_circle_2&#8243; css=&#8221;.vc_custom_1653052343682{margin-bottom: 20px !important;}&#8221; el_class=&#8221;equipe-img&#8221;][\/vc_column_inner][vc_column_inner width=&#8221;3\/4&#8243;][vc_column_text el_class=&#8221;equipe&#8221; css=&#8221;.vc_custom_1653052372650{margin-bottom: 20px !important;}&#8221;]<\/p>\n<h3>Paula Drumond<\/h3>\n<p>Researcher[\/vc_column_text][vc_column_text el_class=&#8221;equipe&#8221; css=&#8221;.vc_custom_1653052432252{margin-top: 0px !important;}&#8221;]Paula Drumond is an associate professor at the Institute of International Relations at the Pontifical Catholic University of Rio de Janeiro (IRI\/PUC-Rio). She also serves as deputy coordinator for the Global South Mediation Unit (GSUM) and is a member of the Academic Network of the Women&#8217;s International League for Peace and Freedom (WILPF). Paula holds a PhD in International Relations\/Political Science from the Graduate Institute of International and Development Studies (IHEID, Geneva). Her research focuses on gender, peace and security.<\/p>\n<p><a href=\"http:\/\/lattes.cnpq.br\/2756650288271652\" target=\"_blank\" rel=\"noopener\">CV Lattes<\/a>[\/vc_column_text][\/vc_column_inner][\/vc_row_inner][vc_empty_space height=&#8221;35px&#8221;][\/vc_column][\/vc_row][vc_row css_animation=&#8221;slideInUp&#8221;][vc_column][vc_separator border_width=&#8221;2&#8243;][vc_empty_space height=&#8221;35px&#8221;][vc_row_inner][vc_column_inner width=&#8221;1\/4&#8243;][vc_single_image image=&#8221;2439&#8243; img_size=&#8221;large&#8221; style=&#8221;vc_box_circle_2&#8243; css=&#8221;.vc_custom_1645465452727{margin-bottom: 20px !important;}&#8221; el_class=&#8221;equipe-img&#8221;][\/vc_column_inner][vc_column_inner width=&#8221;3\/4&#8243;][vc_column_text el_class=&#8221;equipe&#8221; css=&#8221;.vc_custom_1648217253884{margin-bottom: 20px !important;}&#8221;]<\/p>\n<h3>Victoria Santos<\/h3>\n<p>Researcher[\/vc_column_text][vc_column_text el_class=&#8221;equipe&#8221; css=&#8221;.vc_custom_1648217264764{margin-top: 0px !important;}&#8221;]She holds a doctoral (2021) and a master&#8217;s degree (2017) in International Relations at PUC-Rio, and a bachelor&#8217;s degree in International Relations from the University of Bras\u00edlia (2014). She is also a researcher at the Global South Unit for Mediation (GSUM), an initiative of the BRICS Policy Center with IRI\/PUC-Rio. Research interests include criminal violence, armed conflict, international security, transitional justice and human rights, with an emphasis on Latin America.<\/p>\n<p><a href=\"http:\/\/lattes.cnpq.br\/4239762111072878\" target=\"_blank\" rel=\"noopener\">CV Lattes<\/a>[\/vc_column_text][\/vc_column_inner][\/vc_row_inner][vc_empty_space height=&#8221;35px&#8221;][\/vc_column][\/vc_row][vc_row css_animation=&#8221;slideInUp&#8221;][vc_column][vc_separator border_width=&#8221;2&#8243;][vc_empty_space height=&#8221;35px&#8221;][vc_row_inner][vc_column_inner width=&#8221;1\/4&#8243;][vc_single_image image=&#8221;3039&#8243; img_size=&#8221;large&#8221; style=&#8221;vc_box_circle_2&#8243; css=&#8221;.vc_custom_1648832668383{margin-bottom: 20px !important;}&#8221; el_class=&#8221;equipe-img&#8221;][\/vc_column_inner][vc_column_inner width=&#8221;3\/4&#8243;][vc_column_text el_class=&#8221;equipe&#8221; css=&#8221;.vc_custom_1648832604493{margin-bottom: 20px !important;}&#8221;]<\/p>\n<h3>Tatiane Moura Amaral<\/h3>\n<p>Researcher[\/vc_column_text][vc_column_text el_class=&#8221;equipe&#8221; css=&#8221;.vc_custom_1648832643084{margin-top: 0px !important;}&#8221;]Master&#8217;s candidate in International Relations from PUC-Rio, bachelor in International Relations from the Federal University of Uberl\u00e2ndia, she works with gender and feminism, Brazilian Armed Forces, and military family. She is interested in concepts of femininity and masculinity in military symbologies; critical military studies; and civil-military relations. She is a member of NEDEFA, of the Global South Unit for Mediation, and of the Feminist Observatory for International Relations.<\/p>\n<p><a href=\"http:\/\/lattes.cnpq.br\/7781144645649938\" target=\"_blank\" rel=\"noopener\">CV Lattes<\/a>[\/vc_column_text][\/vc_column_inner][\/vc_row_inner][vc_empty_space height=&#8221;35px&#8221;][\/vc_column][\/vc_row]<\/p>\n<\/section>","protected":false},"excerpt":{"rendered":"<p>[vc_row full_width=&#8221;stretch_row&#8221; css_animation=&#8221;none&#8221; el_class=&#8221;section-id&#8221;][vc_column][vc_empty_space height=&#8221;200px&#8221; el_class=&#8221;space-header&#8221;][lab_text_autotype typed_text=&#8221; *Team* &#8221; typed_show_options=&#8221;yes&#8221; typed_options_cursorchar=&#8221;&#8221; typed_options_typespeed=&#8221;20&#8243; typed_options_startdelay=&#8221;1200&#8243; el_class=&#8221;auto-type&#8221;][\/vc_column][\/vc_row][vc_row][vc_column][vc_empty_space height=&#8221;70px&#8221;][\/vc_column][\/vc_row][vc_row css_animation=&#8221;slideInUp&#8221;][vc_column][vc_row_inner][vc_column_inner width=&#8221;1\/4&#8243;][vc_single_image image=&#8221;2570&#8243; img_size=&#8221;large&#8221; style=&#8221;vc_box_circle_2&#8243; css=&#8221;.vc_custom_1646080536926{margin-bottom: 20px !important;}&#8221; el_class=&#8221;equipe-img&#8221;][\/vc_column_inner][vc_column_inner width=&#8221;3\/4&#8243;][vc_column_text el_class=&#8221;equipe&#8221; css=&#8221;.vc_custom_1645624403304{margin-bottom: 20px !important;}&#8221;] Kai Michael Kenkel General coordinator[\/vc_column_text][vc_column_text el_class=&#8221;equipe&#8221; css=&#8221;.vc_custom_1646080885195{margin-top: 0px !important;}&#8221;]Associate Professor at the Institute of International Relations at PUC-Rio. He holds a PhD and a master&#8217;s degree&hellip;<\/p>\n","protected":false},"author":1,"featured_media":0,"parent":2798,"menu_order":30,"comment_status":"closed","ping_status":"closed","template":"","meta":[],"acf":[],"_links":{"self":[{"href":"https:\/\/nedefa.ctch.puc-rio.br\/en\/wp-json\/wp\/v2\/pages\/2990"}],"collection":[{"href":"https:\/\/nedefa.ctch.puc-rio.br\/en\/wp-json\/wp\/v2\/pages"}],"about":[{"href":"https:\/\/nedefa.ctch.puc-rio.br\/en\/wp-json\/wp\/v2\/types\/page"}],"author":[{"embeddable":true,"href":"https:\/\/nedefa.ctch.puc-rio.br\/en\/wp-json\/wp\/v2\/users\/1"}],"replies":[{"embeddable":true,"href":"https:\/\/nedefa.ctch.puc-rio.br\/en\/wp-json\/wp\/v2\/comments?post=2990"}],"version-history":[{"count":8,"href":"https:\/\/nedefa.ctch.puc-rio.br\/en\/wp-json\/wp\/v2\/pages\/2990\/revisions"}],"predecessor-version":[{"id":3157,"href":"https:\/\/nedefa.ctch.puc-rio.br\/en\/wp-json\/wp\/v2\/pages\/2990\/revisions\/3157"}],"up":[{"embeddable":true,"href":"https:\/\/nedefa.ctch.puc-rio.br\/en\/wp-json\/wp\/v2\/pages\/2798"}],"wp:attachment":[{"href":"https:\/\/nedefa.ctch.puc-rio.br\/en\/wp-json\/wp\/v2\/media?parent=2990"}],"curies":[{"name":"wp","href":"https:\/\/api.w.org\/{rel}","templated":true}]}}